{"id":27,"date":"2018-02-14T13:49:36","date_gmt":"2018-02-14T12:49:36","guid":{"rendered":"http:\/\/letresquois.com\/?page_id=27"},"modified":"2021-11-10T12:01:00","modified_gmt":"2021-11-10T11:01:00","slug":"nos-produits","status":"publish","type":"page","link":"http:\/\/letresquois.com\/index.php\/front-page\/nos-produits\/","title":{"rendered":"Nos produits"},"content":{"rendered":"<p><span style=\"vertical-align: inherit; color: #333333;\"><span style=\"vertical-align: inherit;\"><span style=\"vertical-align: inherit;\"><span style=\"vertical-align: inherit;\"><span style=\"vertical-align: inherit;\"><span style=\"vertical-align: inherit;\">Tresacois est notamment sp\u00e9cialis\u00e9 dans les asperges et les abricots, l&rsquo;entreprise ne cesse d&rsquo;accroitre ses diff\u00e9rents produits pour chaque saison concern\u00e9e et travaille \u00e0 proximit\u00e9 avec les producteurs locaux du territoire.<\/span><\/span><\/span><\/span><\/span><\/span><\/p>\n<p><span style=\"vertical-align: inherit; color: #333333;\"><span style=\"vertical-align: inherit;\"><span style=\"vertical-align: inherit;\"><span style=\"vertical-align: inherit;\"><span style=\"vertical-align: inherit;\"><span style=\"vertical-align: inherit;\">La soci\u00e9t\u00e9 produit \u00e9galement les cerises, les raisins de table et les kiwis.<\/span><\/span><\/span><\/span><\/span><\/span><\/p>\n<p><span style=\"vertical-align: inherit; color: #333333;\"><span style=\"vertical-align: inherit;\"><span style=\"vertical-align: inherit;\"><span style=\"vertical-align: inherit;\"><span style=\"vertical-align: inherit;\"><span style=\"vertical-align: inherit;\">Les asperges sont r\u00e9colt\u00e9es \u00e0 250 T selon les 2 vari\u00e9t\u00e9s existantes comme la blanche violette et la verte entre f\u00e9vrier et juin.<\/span><\/span><\/span><\/span><\/span><\/span><\/p>\n<p><span style=\"vertical-align: inherit; color: #333333;\"><span style=\"vertical-align: inherit;\"><span style=\"vertical-align: inherit;\"><span style=\"vertical-align: inherit;\"><span style=\"vertical-align: inherit;\"><span style=\"vertical-align: inherit;\">Les abricots sont r\u00e9colt\u00e9s \u00e0 2000 T selon la vari\u00e9t\u00e9 qui en repr\u00e9sente pr\u00e8s de 16 entre mai et septembre.<\/span><\/span><\/span><\/span><\/span><\/span><\/p>\n<p><span style=\"vertical-align: inherit; color: #333333;\"><span style=\"vertical-align: inherit;\"><span style=\"vertical-align: inherit;\"><span style=\"vertical-align: inherit;\"><span style=\"vertical-align: inherit;\"><span style=\"vertical-align: inherit;\">Les cerises sont r\u00e9colt\u00e9es \u00e0 100 T selon les 5 vari\u00e9t\u00e9s entre mai et juin.<\/span><\/span><\/span><\/span><\/span><\/span><\/p>\n<p><span style=\"vertical-align: inherit; color: #333333;\"><span style=\"vertical-align: inherit;\"><span style=\"vertical-align: inherit;\"><span style=\"vertical-align: inherit;\"><span style=\"vertical-align: inherit;\"><span style=\"vertical-align: inherit;\">Le raisin est r\u00e9colt\u00e9 gr\u00e2ce \u00e0 6 vari\u00e9t\u00e9s pour 1000 T entre juillet et d\u00e9but d\u00e9cembre.<\/span><\/span><\/span><\/span><\/span><\/span><\/p>\n<p><span style=\"vertical-align: inherit; color: #333333;\"><span style=\"vertical-align: inherit;\"><span style=\"vertical-align: inherit;\"><span style=\"vertical-align: inherit;\"><span style=\"vertical-align: inherit;\"><span style=\"vertical-align: inherit;\">Le kiwi est r\u00e9colt\u00e9 \u00e0 500 T entre f\u00e9vrier et avril puis entre octobre et janvier.<\/span><\/span><\/span><\/span><\/span><\/span><\/p>\n","protected":false},"excerpt":{"rendered":"<p>Tresacois est notamment sp\u00e9cialis\u00e9 dans les asperges et les abricots, l&rsquo;entreprise ne cesse d&rsquo;accroitre ses diff\u00e9rents produits pour chaque saison concern\u00e9e et travaille \u00e0 proximit\u00e9 avec les producteurs locaux du territoire. La soci\u00e9t\u00e9 produit \u00e9galement les cerises, les raisins de table et les kiwis. Les asperges sont r\u00e9colt\u00e9es \u00e0 250 T selon les 2 vari\u00e9t\u00e9s<\/p>\n<div><a class=\"btn-filled btn\" href=\"http:\/\/letresquois.com\/index.php\/front-page\/nos-produits\/\" title=\"Nos produits\">En savoir plus<\/a><\/div>\n","protected":false},"author":1,"featured_media":216,"parent":6,"menu_order":1,"comment_status":"closed","ping_status":"closed","template":"page-templates\/full-width.php","meta":[],"_links":{"self":[{"href":"http:\/\/letresquois.com\/index.php\/wp-json\/wp\/v2\/pages\/27"}],"collection":[{"href":"http:\/\/letresquois.com\/index.php\/wp-json\/wp\/v2\/pages"}],"about":[{"href":"http:\/\/letresquois.com\/index.php\/wp-json\/wp\/v2\/types\/page"}],"author":[{"embeddable":true,"href":"http:\/\/letresquois.com\/index.php\/wp-json\/wp\/v2\/users\/1"}],"replies":[{"embeddable":true,"href":"http:\/\/letresquois.com\/index.php\/wp-json\/wp\/v2\/comments?post=27"}],"version-history":[{"count":8,"href":"http:\/\/letresquois.com\/index.php\/wp-json\/wp\/v2\/pages\/27\/revisions"}],"predecessor-version":[{"id":235,"href":"http:\/\/letresquois.com\/index.php\/wp-json\/wp\/v2\/pages\/27\/revisions\/235"}],"up":[{"embeddable":true,"href":"http:\/\/letresquois.com\/index.php\/wp-json\/wp\/v2\/pages\/6"}],"wp:featuredmedia":[{"embeddable":true,"href":"http:\/\/letresquois.com\/index.php\/wp-json\/wp\/v2\/media\/216"}],"wp:attachment":[{"href":"http:\/\/letresquois.com\/index.php\/wp-json\/wp\/v2\/media?parent=27"}],"curies":[{"name":"wp","href":"https:\/\/api.w.org\/{rel}","templated":true}]}}