{"id":25,"date":"2018-02-14T13:49:20","date_gmt":"2018-02-14T12:49:20","guid":{"rendered":"http:\/\/letresquois.com\/?page_id=25"},"modified":"2022-05-17T09:07:47","modified_gmt":"2022-05-17T07:07:47","slug":"qui-sommes-nous","status":"publish","type":"page","link":"http:\/\/letresquois.com\/index.php\/front-page\/qui-sommes-nous\/","title":{"rendered":"Qui sommes-nous ?"},"content":{"rendered":"<p><span style=\"color: #333333;\"><span style=\"vertical-align: inherit;\"><span style=\"vertical-align: inherit;\">L&rsquo;exp\u00e9rience des Gervasoni est transmise de p\u00e8re en fils qui perp\u00e9tuent l&rsquo;expansion depuis plus de 60 ans. <\/span><\/span><span style=\"vertical-align: inherit;\"><span style=\"vertical-align: inherit;\">Stephano, l&rsquo;arri\u00e8re-grand-p\u00e8re et ouvrier \u00e0 l&rsquo;\u00e9poque arriva de l&rsquo;Italie en 1930, il r\u00e9colta 1 hectare de terre.<\/span><\/span><\/span><\/p>\n<p><span style=\"vertical-align: inherit; color: #333333;\"><span style=\"vertical-align: inherit;\">Un si\u00e8cle plus tard, gr\u00e2ce au travail des enfants et petits-enfants, 200 hectares se sont d\u00e9velopp\u00e9s dont 150 concernant les vignes sur la C\u00f4te du Rh\u00f4ne et tant d&rsquo;autres.<\/span><\/span><\/p>\n<p><span style=\"vertical-align: inherit; color: #333333;\"><span style=\"vertical-align: inherit;\">Gr\u00e2ce \u00e0 leur r\u00e9colte et leur distribution, l&rsquo;entreprise a su se d\u00e9velopper dans la France enti\u00e8re.<\/span><\/span><\/p>\n","protected":false},"excerpt":{"rendered":"<p>L&rsquo;exp\u00e9rience des Gervasoni est transmise de p\u00e8re en fils qui perp\u00e9tuent l&rsquo;expansion depuis plus de 60 ans. Stephano, l&rsquo;arri\u00e8re-grand-p\u00e8re et ouvrier \u00e0 l&rsquo;\u00e9poque arriva de l&rsquo;Italie en 1930, il r\u00e9colta 1 hectare de terre. Un si\u00e8cle plus tard, gr\u00e2ce au travail des enfants et petits-enfants, 200 hectares se sont d\u00e9velopp\u00e9s dont 150 concernant les vignes<\/p>\n<div><a class=\"btn-filled btn\" href=\"http:\/\/letresquois.com\/index.php\/front-page\/qui-sommes-nous\/\" title=\"Qui sommes-nous ?\">En savoir plus<\/a><\/div>\n","protected":false},"author":1,"featured_media":94,"parent":6,"menu_order":1,"comment_status":"closed","ping_status":"closed","template":"page-templates\/no-sidebar.php","meta":[],"_links":{"self":[{"href":"http:\/\/letresquois.com\/index.php\/wp-json\/wp\/v2\/pages\/25"}],"collection":[{"href":"http:\/\/letresquois.com\/index.php\/wp-json\/wp\/v2\/pages"}],"about":[{"href":"http:\/\/letresquois.com\/index.php\/wp-json\/wp\/v2\/types\/page"}],"author":[{"embeddable":true,"href":"http:\/\/letresquois.com\/index.php\/wp-json\/wp\/v2\/users\/1"}],"replies":[{"embeddable":true,"href":"http:\/\/letresquois.com\/index.php\/wp-json\/wp\/v2\/comments?post=25"}],"version-history":[{"count":11,"href":"http:\/\/letresquois.com\/index.php\/wp-json\/wp\/v2\/pages\/25\/revisions"}],"predecessor-version":[{"id":287,"href":"http:\/\/letresquois.com\/index.php\/wp-json\/wp\/v2\/pages\/25\/revisions\/287"}],"up":[{"embeddable":true,"href":"http:\/\/letresquois.com\/index.php\/wp-json\/wp\/v2\/pages\/6"}],"wp:featuredmedia":[{"embeddable":true,"href":"http:\/\/letresquois.com\/index.php\/wp-json\/wp\/v2\/media\/94"}],"wp:attachment":[{"href":"http:\/\/letresquois.com\/index.php\/wp-json\/wp\/v2\/media?parent=25"}],"curies":[{"name":"wp","href":"https:\/\/api.w.org\/{rel}","templated":true}]}}