{"id":232,"date":"2021-11-10T11:55:45","date_gmt":"2021-11-10T10:55:45","guid":{"rendered":"http:\/\/letresquois.com\/?page_id=232"},"modified":"2021-11-10T16:46:17","modified_gmt":"2021-11-10T15:46:17","slug":"le-kiwi","status":"publish","type":"page","link":"http:\/\/letresquois.com\/index.php\/le-kiwi\/","title":{"rendered":"Le Kiwi"},"content":{"rendered":"<p><span style=\"vertical-align: inherit;\"><span style=\"vertical-align: inherit;\"><span style=\"vertical-align: inherit;\"><span style=\"vertical-align: inherit;\"><span style=\"vertical-align: inherit;\"><span style=\"vertical-align: inherit;\"><span style=\"vertical-align: inherit;\"><span style=\"vertical-align: inherit;\"><span style=\"vertical-align: inherit;\"><span style=\"vertical-align: inherit;\"><span style=\"vertical-align: inherit;\"><span style=\"vertical-align: inherit;\"><span style=\"vertical-align: inherit;\"><span style=\"vertical-align: inherit;\"><span style=\"vertical-align: inherit;\"><span style=\"vertical-align: inherit;\">Voici les kiwis de vari\u00e9t\u00e9 Hayward, r\u00e9colt\u00e9s pr\u00e8s de 500 T dans la p\u00e9riode de f\u00e9vrier \u00e0 avril et octobre \u00e0 janvier.<\/span><\/span><\/span><\/span><\/span><\/span><\/span><\/span><\/span><\/span><\/span><\/span><\/span><\/span><\/span><\/span><\/p>\n\n\n<figure class=\"wp-block-video\"><video controls src=\"http:\/\/letresquois.com\/wp-content\/uploads\/2021\/11\/video-1636548607.mp4\"><\/video><\/figure>\n\n\n\n<p><\/p>\n","protected":false},"excerpt":{"rendered":"<p>Voici les kiwis de vari\u00e9t\u00e9 Hayward, r\u00e9colt\u00e9s pr\u00e8s de 500 T dans la p\u00e9riode de f\u00e9vrier \u00e0 avril et octobre \u00e0 janvier.<\/p>\n","protected":false},"author":1,"featured_media":284,"parent":0,"menu_order":0,"comment_status":"closed","ping_status":"closed","template":"page-templates\/full-width.php","meta":[],"_links":{"self":[{"href":"http:\/\/letresquois.com\/index.php\/wp-json\/wp\/v2\/pages\/232"}],"collection":[{"href":"http:\/\/letresquois.com\/index.php\/wp-json\/wp\/v2\/pages"}],"about":[{"href":"http:\/\/letresquois.com\/index.php\/wp-json\/wp\/v2\/types\/page"}],"author":[{"embeddable":true,"href":"http:\/\/letresquois.com\/index.php\/wp-json\/wp\/v2\/users\/1"}],"replies":[{"embeddable":true,"href":"http:\/\/letresquois.com\/index.php\/wp-json\/wp\/v2\/comments?post=232"}],"version-history":[{"count":12,"href":"http:\/\/letresquois.com\/index.php\/wp-json\/wp\/v2\/pages\/232\/revisions"}],"predecessor-version":[{"id":281,"href":"http:\/\/letresquois.com\/index.php\/wp-json\/wp\/v2\/pages\/232\/revisions\/281"}],"wp:featuredmedia":[{"embeddable":true,"href":"http:\/\/letresquois.com\/index.php\/wp-json\/wp\/v2\/media\/284"}],"wp:attachment":[{"href":"http:\/\/letresquois.com\/index.php\/wp-json\/wp\/v2\/media?parent=232"}],"curies":[{"name":"wp","href":"https:\/\/api.w.org\/{rel}","templated":true}]}}